{"id":222,"date":"2026-01-28T04:16:05","date_gmt":"2026-01-28T04:16:05","guid":{"rendered":"https:\/\/imagecuador.com\/?page_id=222"},"modified":"2026-04-06T22:20:44","modified_gmt":"2026-04-06T21:20:44","slug":"promocionales","status":"publish","type":"page","link":"https:\/\/imagecuador.com\/index.php\/promocionales\/","title":{"rendered":"Promocionales"},"content":{"rendered":"<div class=\"brz brz-root__container brz-reset-all brz-root__container-page\">\n<section id=\"xorLtqVu2tuF_xorLtqVu2tuF\" class=\"brz-section brz-css-d-section brz-css-12etdty\">\n<div class=\"brz-section__content brz-section--boxed brz-css-d-sectionitem-bg brz-css-1w14tnc\" data-brz-custom-id=\"iVsFXx5JRqAm\">\n<div class=\"brz-container brz-css-d-sectionitem-container brz-css-1lz87nj\">\n<div id=\"\" class=\"brz-css-d-wrapper brz-css-1i9as7b brz-wrapper\">\n<div class=\"brz-menu__container brz-css-d-menu-menu-container brz-css-8oknmu\" data-mmenu-id=\"#szS4hNxh4vGd_2ab1be9f08899243f935\" data-mmenu-position=\"position-left\" data-mmenu-title=\"Menu\" data-mmenu-stickytitle=\"off\" data-mmenu-isslider=\"false\" data-mmenu-closingicon=\"%7B%22desktop%22%3A%22off%22%2C%22tablet%22%3A%22off%22%2C%22mobile%22%3A%22off%22%7D\" data-brz-menu-accessible=\"true\" data-brz-custom-id=\"szS4hNxh4vGd\">\n<nav data-mods=\"%7B%22desktop%22%3A%22horizontal%22%2C%22tablet%22%3A%22horizontal%22%2C%22mobile%22%3A%22horizontal%22%7D\" class=\"brz-menu brz-menu__preview brz-css-d-menu-menu brz-css-88ii2m\">\n<ul class=\"brz-menu__ul\" data-menu-items-active=\"\">\n<li data-menu-item-id=\"8ee5b1cc79e11fd06b66423926bed33f\" class=\"brz-menu__item menu-item menu-item-type-post_type menu-item-object-page menu-item-home\"><a class=\"brz-a\" target=\"\" href=\"https:\/\/imagecuador.com\/\" title=\"\"><span class=\"brz-span\">Inicio<\/span><\/a><\/li>\n<li data-menu-item-id=\"60f5498c88aa4315547650edef9eab7e\" class=\"brz-menu__item menu-item menu-item-type-post_type menu-item-object-page\"><a class=\"brz-a\" target=\"\" href=\"https:\/\/imagecuador.com\/index.php\/papeleria\/\" title=\"\"><span class=\"brz-span\">Papeler\u00eda<\/span><\/a><\/li>\n<li data-menu-item-id=\"3edbb5dd72b64e6e070b1acc3ccbe6c9\" class=\"brz-menu__item menu-item menu-item-type-post_type menu-item-object-page\"><a class=\"brz-a\" target=\"\" href=\"https:\/\/imagecuador.com\/index.php\/promocionales\/\" title=\"\"><span class=\"brz-span\">Promocionales<\/span><\/a><\/li>\n<li data-menu-item-id=\"b85895c69daf3c6d04f85f5d815fd4a1\" class=\"brz-menu__item menu-item menu-item-type-post_type menu-item-object-page\"><a class=\"brz-a\" target=\"\" href=\"https:\/\/imagecuador.com\/index.php\/empresas\/\" title=\"\"><span class=\"brz-span\">Empresas<\/span><\/a><\/li>\n<li data-menu-item-id=\"9cd3bcdbd908bb3d08f1709ac3b31c78\" class=\"brz-menu__item menu-item menu-item-type-post_type menu-item-object-page\"><a class=\"brz-a\" target=\"\" href=\"https:\/\/imagecuador.com\/index.php\/nosotros\/\" title=\"\"><span class=\"brz-span\">Nosotros<\/span><\/a><\/li>\n<li data-menu-item-id=\"f32fc7364f37a1c6166da20e06140c43\" class=\"brz-menu__item menu-item menu-item-type-post_type menu-item-object-page\"><a class=\"brz-a\" target=\"\" href=\"https:\/\/imagecuador.com\/?page_id=210\" title=\"\"><span class=\"brz-span\">Blog<\/span><\/a><\/li>\n<\/ul>\n<\/nav>\n<div class=\"brz-mm-menu__icon\" data-brz-brz-mmenu-icon=\"off\"><\/div>\n<nav data-mods=\"%7B%22desktop%22%3A%22horizontal%22%2C%22tablet%22%3A%22horizontal%22%2C%22mobile%22%3A%22horizontal%22%7D\" id=\"szS4hNxh4vGd_2ab1be9f08899243f935\" class=\"brz-menu brz-menu__preview brz-menu__mmenu brz-css-d-menu-mmenu brz-css-1cyo354\">\n<ul class=\"brz-menu__ul\" data-menu-items-active=\"\">\n<li data-menu-item-id=\"8ee5b1cc79e11fd06b66423926bed33f\" class=\"brz-menu__item menu-item menu-item-type-post_type menu-item-object-page menu-item-home\"><a class=\"brz-a\" target=\"\" href=\"https:\/\/imagecuador.com\/\" title=\"\"><span class=\"brz-span\">Inicio<\/span><\/a><\/li>\n<li data-menu-item-id=\"60f5498c88aa4315547650edef9eab7e\" class=\"brz-menu__item menu-item menu-item-type-post_type menu-item-object-page\"><a class=\"brz-a\" target=\"\" href=\"https:\/\/imagecuador.com\/index.php\/papeleria\/\" title=\"\"><span class=\"brz-span\">Papeler\u00eda<\/span><\/a><\/li>\n<li data-menu-item-id=\"3edbb5dd72b64e6e070b1acc3ccbe6c9\" class=\"brz-menu__item menu-item menu-item-type-post_type menu-item-object-page\"><a class=\"brz-a\" target=\"\" href=\"https:\/\/imagecuador.com\/index.php\/promocionales\/\" title=\"\"><span class=\"brz-span\">Promocionales<\/span><\/a><\/li>\n<li data-menu-item-id=\"b85895c69daf3c6d04f85f5d815fd4a1\" class=\"brz-menu__item menu-item menu-item-type-post_type menu-item-object-page\"><a class=\"brz-a\" target=\"\" href=\"https:\/\/imagecuador.com\/index.php\/empresas\/\" title=\"\"><span class=\"brz-span\">Empresas<\/span><\/a><\/li>\n<li data-menu-item-id=\"9cd3bcdbd908bb3d08f1709ac3b31c78\" class=\"brz-menu__item menu-item menu-item-type-post_type menu-item-object-page\"><a class=\"brz-a\" target=\"\" href=\"https:\/\/imagecuador.com\/index.php\/nosotros\/\" title=\"\"><span class=\"brz-span\">Nosotros<\/span><\/a><\/li>\n<li data-menu-item-id=\"f32fc7364f37a1c6166da20e06140c43\" class=\"brz-menu__item menu-item menu-item-type-post_type menu-item-object-page\"><a class=\"brz-a\" target=\"\" href=\"https:\/\/imagecuador.com\/?page_id=210\" title=\"\"><span class=\"brz-span\">Blog<\/span><\/a><\/li>\n<\/ul>\n<\/nav>\n<\/div>\n<\/div>\n<\/div>\n<\/div>\n<\/section>\n<section id=\"j35bR5WpEhZ4_j35bR5WpEhZ4\" class=\"brz-section brz-css-d-section brz-css-9tfoyt\">\n<div class=\"brz-section__content brz-section--boxed brz-css-d-sectionitem-bg brz-css-e6ipon\" data-brz-custom-id=\"uaKs4kab5k4m\">\n<div class=\"brz-container brz-css-d-sectionitem-container brz-css-zbga2o\">\n<div class=\"brz-row__container brz-css-d-row-row brz-css-1i5ypd7\" data-brz-custom-id=\"glazqjoiDEux\">\n<div class=\"brz-row brz-css-d-row-container brz-css-r-row-container brz-css-koonty\">\n<div class=\"brz-columns brz-css-d-column-column brz-css-uijmge\" data-brz-custom-id=\"nEsxGOVuEMyn\">\n<div class=\"brz-column__items brz-css-d-column-bg brz-css-slbp5r\">\n<div id=\"\" class=\"brz-css-d-wrapper brz-css-1sll7tx brz-wrapper\">\n<div class=\"brz-image brz-css-d-image-wm7chseshl1q-parent brz-css-iuy05i\" data-brz-custom-id=\"wm7chsESHL1Q\"><img decoding=\"async\" class=\"brz-img\" src=\"https:\/\/imagecuador.com\/wp-content\/uploads\/2026\/02\/ESFEROS.png\" loading=\"lazy\" title=\"\"><\/div>\n<\/div>\n<div id=\"\" class=\"brz-css-d-wrapper brz-css-1dzoj26 brz-wrapper\">\n<div class=\"brz-rich-text brz-rich-text__custom brz-css-d-richtext brz-css-1v1xfhl\" data-brz-custom-id=\"yfXVYTBdFHCO\">\n<div data-brz-translate-text=\"1\">\n<h5 class=\"brz-mb-xs-0 brz-mt-xs-0 brz-tp-lg-heading5 brz-mt-lg-10 brz-mb-lg-10 brz-css-brwTa\" data-generated-css=\"brz-css-tclkL\" data-uniq-id=\"uSfUy\"><span class=\"brz-cp-color2\">ESFEROS<\/span><\/h5>\n<\/div>\n<\/div>\n<\/div>\n<div id=\"\" class=\"brz-css-d-wrapper brz-css-5robcb brz-wrapper\">\n<div class=\"brz-rich-text brz-rich-text__custom brz-css-d-richtext brz-css-zodbuv\" data-brz-custom-id=\"sAnfJAnYij5A\">\n<div data-brz-translate-text=\"1\">\n<p class=\"brz-tp-lg-paragraph brz-css-sasvv\" data-generated-css=\"brz-css-iFtQp\" data-uniq-id=\"vaxiA\"><span class=\"brz-cp-color7\">\u00datiles, modernos y reutilizables. Tu marca siempre presente.<\/span><\/p>\n<\/div>\n<\/div>\n<\/div>\n<\/div>\n<\/div>\n<div class=\"brz-columns brz-css-d-column-column brz-css-1lnscn7\" data-brz-custom-id=\"tTisTOUd4wLn\">\n<div class=\"brz-column__items brz-css-d-column-bg brz-css-14xx4cs\">\n<div id=\"\" class=\"brz-css-d-wrapper brz-css-16n0h00 brz-wrapper\">\n<div class=\"brz-image brz-css-d-image-bv3kiyujuejg-parent brz-css-1fsd446\" data-brz-custom-id=\"bv3kIyuJUEJg\"><img decoding=\"async\" class=\"brz-img\" src=\"https:\/\/imagecuador.com\/wp-content\/uploads\/2026\/02\/TOMATODOS-01-1.png\" loading=\"lazy\" title=\"\"><\/div>\n<\/div>\n<div id=\"\" class=\"brz-css-d-wrapper brz-css-9qo7lc brz-wrapper\">\n<div class=\"brz-rich-text brz-rich-text__custom brz-css-d-richtext brz-css-olymyw\" data-brz-custom-id=\"cR6wMXUCKq5J\">\n<div data-brz-translate-text=\"1\">\n<h5 class=\"brz-mb-lg-10 brz-mt-lg-10 brz-tp-lg-heading5 brz-mt-xs-0 brz-mb-xs-0 brz-css-fTGQk\" data-uniq-id=\"jNamt\" data-generated-css=\"brz-css-uwtPa\"><span class=\"brz-cp-color2\">TOMATODOS<\/span><\/h5>\n<\/div>\n<\/div>\n<\/div>\n<div id=\"\" class=\"brz-css-d-wrapper brz-css-jkgu9m brz-wrapper\">\n<div class=\"brz-rich-text brz-rich-text__custom brz-css-d-richtext brz-css-1xpucyh\" data-brz-custom-id=\"rGaQEy8l7kMF\">\n<div data-brz-translate-text=\"1\">\n<p class=\"brz-tp-lg-paragraph brz-css-s0w3e\" data-generated-css=\"brz-css-iFtQp\" data-uniq-id=\"vaxiA\"><span class=\"brz-cp-color7\">\u00datiles, modernos y reutilizables. Tu marca siempre presente.<\/span><\/p>\n<\/div>\n<\/div>\n<\/div>\n<\/div>\n<\/div>\n<div class=\"brz-columns brz-css-d-column-column brz-css-1izu0lx\" data-brz-custom-id=\"kdpONC34xl1c\">\n<div class=\"brz-column__items brz-css-d-column-bg brz-css-1a642f\">\n<div id=\"\" class=\"brz-css-d-wrapper brz-css-xjfcqn brz-wrapper\">\n<div class=\"brz-image brz-css-d-image-wpixw29nun6q-parent brz-css-uoj9xz\" data-brz-custom-id=\"wpIxw29Nun6Q\"><img decoding=\"async\" class=\"brz-img\" src=\"https:\/\/imagecuador.com\/wp-content\/uploads\/2026\/02\/CAMISETAS-01-1.png\" loading=\"lazy\" title=\"\"><\/div>\n<\/div>\n<div id=\"\" class=\"brz-css-d-wrapper brz-css-3zu0gl brz-wrapper\">\n<div class=\"brz-rich-text brz-rich-text__custom brz-css-d-richtext brz-css-182ogvc\" data-brz-custom-id=\"jmx6k5Rzz9h6\">\n<div data-brz-translate-text=\"1\">\n<h5 class=\"brz-mb-xs-0 brz-mt-xs-0 brz-tp-lg-heading5 brz-mt-lg-10 brz-mb-lg-10 brz-css-t5uiS\" data-generated-css=\"brz-css-yfKXS\" data-uniq-id=\"oxVo9\"><strong class=\"brz-cp-color2\">CAMISETAS<\/strong><\/h5>\n<\/div>\n<\/div>\n<\/div>\n<div id=\"\" class=\"brz-css-d-wrapper brz-css-79i94o brz-wrapper\">\n<div class=\"brz-rich-text brz-rich-text__custom brz-css-d-richtext brz-css-3suars\" data-brz-custom-id=\"xEpeEjyjRczo\">\n<div data-brz-translate-text=\"1\">\n<p class=\"brz-tp-lg-paragraph brz-css-sPyWw\" data-generated-css=\"brz-css-rf_WV\" data-uniq-id=\"clo3F\"><span class=\"brz-cp-color7\">Tu identidad convertida en prenda. Impacto que se mueve.<\/span><\/p>\n<\/div>\n<\/div>\n<\/div>\n<\/div>\n<\/div>\n<\/div>\n<\/div>\n<\/div>\n<\/div>\n<\/section>\n<section id=\"o3LI_FU_UgjC_o3LI_FU_UgjC\" class=\"brz-section brz-css-d-section brz-css-jf4ix6\">\n<div class=\"brz-section__content brz-section--boxed brz-css-d-sectionitem-bg brz-css-rfdj1v\" data-brz-custom-id=\"uICZkCt9Vtde\">\n<div class=\"brz-container brz-css-d-sectionitem-container brz-css-5xmgqk\">\n<div class=\"brz-row__container brz-css-d-row-row brz-css-134nv04\" data-brz-custom-id=\"xZm4s_Fe1JlY\">\n<div class=\"brz-row brz-css-d-row-container brz-css-r-row-container brz-css-7uyq8i\">\n<div class=\"brz-columns brz-css-d-column-column brz-css-1hy7t5t\" data-brz-custom-id=\"dHwjEiXvs8tu\">\n<div class=\"brz-column__items brz-css-d-column-bg brz-css-z79rca\">\n<div id=\"\" class=\"brz-css-d-wrapper brz-css-kyq6lk brz-wrapper\">\n<div class=\"brz-image brz-css-d-image-djieuhochu1m-parent brz-css-1d8flw1\" data-brz-custom-id=\"djieuhOChu1m\"><img decoding=\"async\" class=\"brz-img\" src=\"https:\/\/imagecuador.com\/wp-content\/uploads\/2026\/02\/GORRAS-01-1.png\" loading=\"lazy\" title=\"\"><\/div>\n<\/div>\n<div id=\"\" class=\"brz-css-d-wrapper brz-css-cpp0vu brz-wrapper\">\n<div class=\"brz-rich-text brz-rich-text__custom brz-css-d-richtext brz-css-apfxsh\" data-brz-custom-id=\"aMv3ZI8GEVia\">\n<div data-brz-translate-text=\"1\">\n<h5 class=\"brz-mb-lg-10 brz-mt-lg-10 brz-tp-lg-heading5 brz-mt-xs-0 brz-mb-xs-0 brz-css-rH47z\" data-uniq-id=\"s49Vs\" data-generated-css=\"brz-css-cy3_r\"><span class=\"brz-cp-color2\">GORRAS<\/span><\/h5>\n<\/div>\n<\/div>\n<\/div>\n<div id=\"\" class=\"brz-css-d-wrapper brz-css-4t0yc6 brz-wrapper\">\n<div class=\"brz-rich-text brz-rich-text__custom brz-css-d-richtext brz-css-1oqeaih\" data-brz-custom-id=\"gwYZfOcFKOXu\">\n<div data-brz-translate-text=\"1\">\n<p class=\"brz-tp-lg-paragraph brz-css-cKYiM\" data-generated-css=\"brz-css-c8Zue\" data-uniq-id=\"myrKm\"><span class=\"brz-cp-color7\">Marca que se lleva puesta. Visibilidad diaria para tu negocio.<\/span><\/p>\n<\/div>\n<\/div>\n<\/div>\n<\/div>\n<\/div>\n<div class=\"brz-columns brz-css-d-column-column brz-css-ilok88\" data-brz-custom-id=\"oFY4jBSc_gtx\">\n<div class=\"brz-column__items brz-css-d-column-bg brz-css-1aho2uy\">\n<div id=\"\" class=\"brz-css-d-wrapper brz-css-6hyn7u brz-wrapper\">\n<div class=\"brz-image brz-css-d-image-qtyuazhzlsnl-parent brz-css-1gms8us\" data-brz-custom-id=\"qTYUazHzlsNL\"><img decoding=\"async\" class=\"brz-img\" src=\"https:\/\/imagecuador.com\/wp-content\/uploads\/2026\/02\/LLAVEROS.png\" loading=\"lazy\" title=\"\"><\/div>\n<\/div>\n<div id=\"\" class=\"brz-css-d-wrapper brz-css-1s9k3e2 brz-wrapper\">\n<div class=\"brz-rich-text brz-rich-text__custom brz-css-d-richtext brz-css-1q382qs\" data-brz-custom-id=\"tKeRURzfKXIO\">\n<div data-brz-translate-text=\"1\">\n<h5 class=\"brz-mb-xs-0 brz-mt-xs-0 brz-tp-lg-heading5 brz-mt-lg-10 brz-mb-lg-10 brz-css-aMw3X\" data-generated-css=\"brz-css-tV4hK\" data-uniq-id=\"h0hr3\"><span class=\"brz-cp-color2\">LLAVEROS<\/span><\/h5>\n<\/div>\n<\/div>\n<\/div>\n<div id=\"\" class=\"brz-css-d-wrapper brz-css-1nj3sze brz-wrapper\">\n<div class=\"brz-rich-text brz-rich-text__custom brz-css-d-richtext brz-css-kjkd1x\" data-brz-custom-id=\"kE6LkR8mDabP\">\n<div data-brz-translate-text=\"1\">\n<p class=\"brz-tp-lg-paragraph brz-css-aAbYs\" data-generated-css=\"brz-css-chmCF\" data-uniq-id=\"pVwkU\"><span class=\"brz-cp-color7\">Peque\u00f1os detalles que generan gran recordaci\u00f3n.<\/span><\/p>\n<\/div>\n<\/div>\n<\/div>\n<\/div>\n<\/div>\n<div class=\"brz-columns brz-css-d-column-column brz-css-1ta8xg5\" data-brz-custom-id=\"yO8RnyjlHWA2\">\n<div class=\"brz-column__items brz-css-d-column-bg brz-css-ggz893\">\n<div id=\"\" class=\"brz-css-d-wrapper brz-css-1tdr8sp brz-wrapper\">\n<div class=\"brz-image brz-css-d-image-xwcgi6lldnw6-parent brz-css-adewgi\" data-brz-custom-id=\"xwcgI6LlDNW6\"><img decoding=\"async\" class=\"brz-img\" src=\"https:\/\/imagecuador.com\/wp-content\/uploads\/2026\/02\/CAJAS.png\" loading=\"lazy\" title=\"\"><\/div>\n<\/div>\n<div id=\"\" class=\"brz-css-d-wrapper brz-css-axpt41 brz-wrapper\">\n<div class=\"brz-rich-text brz-rich-text__custom brz-css-d-richtext brz-css-5h0egk\" data-brz-custom-id=\"ne50yrtT1nec\">\n<div data-brz-translate-text=\"1\">\n<h5 class=\"brz-mb-xs-0 brz-mt-xs-0 brz-tp-lg-heading5 brz-mt-lg-10 brz-mb-lg-10 brz-css-hjl1D\" data-generated-css=\"brz-css-mBAQ3\" data-uniq-id=\"njVsj\">CAJITA FELIZ<\/h5>\n<\/div>\n<\/div>\n<\/div>\n<div id=\"\" class=\"brz-css-d-wrapper brz-css-312f4r brz-wrapper\">\n<div class=\"brz-rich-text brz-rich-text__custom brz-css-d-richtext brz-css-15k8r9g\" data-brz-custom-id=\"wLVkcx180m6_\">\n<div data-brz-translate-text=\"1\">\n<p class=\"brz-tp-lg-paragraph brz-bcp-color7 brz-css-tfOUx\" data-generated-css=\"brz-css-jRpVO\" data-uniq-id=\"aLgSj\"><span class=\"brz-cp-color7\">Presentaciones creativas que convierten experiencias en sonrisas.<\/span><\/p>\n<\/div>\n<\/div>\n<\/div>\n<\/div>\n<\/div>\n<\/div>\n<\/div>\n<\/div>\n<\/div>\n<\/section><\/div>\n<p><!-- version:1771454118 --><\/p>\n","protected":false},"excerpt":{"rendered":"<p>Inicio Papeler\u00eda Promocionales Empresas Nosotros Blog Inicio Papeler\u00eda Promocionales Empresas Nosotros Blog ESFEROS \u00datiles, modernos y reutilizables. Tu marca siempre presente. TOMATODOS \u00datiles, modernos y reutilizables. Tu marca siempre presente. CAMISETAS Tu identidad convertida en prenda. Impacto que se mueve. GORRAS Marca que se lleva puesta. Visibilidad diaria para tu negocio. LLAVEROS Peque\u00f1os detalles que [&hellip;]<\/p>\n","protected":false},"author":1,"featured_media":0,"parent":0,"menu_order":0,"comment_status":"closed","ping_status":"closed","template":"brizy-blank-template.php","meta":{"footnotes":""},"class_list":["post-222","page","type-page","status-publish","hentry","missing-thumbnail"],"brizy_media":[{"id":442,"url":"https:\/\/imagecuador.com\/wp-content\/uploads\/2026\/02\/ESFEROS.png","name":"ESFEROS.png","meta":{"brizy_attachment_uid":"wp-fca7995eaf2d548035b4dce314ce00b5.png","brizy_post_uid":["41ed5bdbfd411a21debacd81115c8f77"]}},{"id":446,"url":"https:\/\/imagecuador.com\/wp-content\/uploads\/2026\/02\/TOMATODOS-01-1.png","name":"TOMATODOS-01-1.png","meta":{"brizy_attachment_uid":"wp-74748afbba21271cb60b787a3ddb03da.png","brizy_post_uid":["41ed5bdbfd411a21debacd81115c8f77"]}},{"id":439,"url":"https:\/\/imagecuador.com\/wp-content\/uploads\/2026\/02\/CAMISETAS-01-1.png","name":"CAMISETAS-01-1.png","meta":{"brizy_attachment_uid":"wp-fc2cc852de81e26bd2c4771cc131e8fa.png","brizy_post_uid":["41ed5bdbfd411a21debacd81115c8f77","c3925231c10414443445ab584a201137"]}},{"id":443,"url":"https:\/\/imagecuador.com\/wp-content\/uploads\/2026\/02\/GORRAS-01-1.png","name":"GORRAS-01-1.png","meta":{"brizy_attachment_uid":"wp-c2264a7b0edef5aba4fd5dcb7931be22.png","brizy_post_uid":["41ed5bdbfd411a21debacd81115c8f77"]}},{"id":444,"url":"https:\/\/imagecuador.com\/wp-content\/uploads\/2026\/02\/LLAVEROS.png","name":"LLAVEROS.png","meta":{"brizy_attachment_uid":"wp-3f6aae34110d03aba6349ecaa16c7025.png","brizy_post_uid":["41ed5bdbfd411a21debacd81115c8f77"]}},{"id":437,"url":"https:\/\/imagecuador.com\/wp-content\/uploads\/2026\/02\/CAJAS.png","name":"CAJAS.png","meta":{"brizy_attachment_uid":"wp-9231b3118d030340247e86b7ca4ae275.png","brizy_post_uid":["41ed5bdbfd411a21debacd81115c8f77"]}}],"_links":{"self":[{"href":"https:\/\/imagecuador.com\/index.php\/wp-json\/wp\/v2\/pages\/222","targetHints":{"allow":["GET"]}}],"collection":[{"href":"https:\/\/imagecuador.com\/index.php\/wp-json\/wp\/v2\/pages"}],"about":[{"href":"https:\/\/imagecuador.com\/index.php\/wp-json\/wp\/v2\/types\/page"}],"author":[{"embeddable":true,"href":"https:\/\/imagecuador.com\/index.php\/wp-json\/wp\/v2\/users\/1"}],"replies":[{"embeddable":true,"href":"https:\/\/imagecuador.com\/index.php\/wp-json\/wp\/v2\/comments?post=222"}],"version-history":[{"count":4,"href":"https:\/\/imagecuador.com\/index.php\/wp-json\/wp\/v2\/pages\/222\/revisions"}],"predecessor-version":[{"id":455,"href":"https:\/\/imagecuador.com\/index.php\/wp-json\/wp\/v2\/pages\/222\/revisions\/455"}],"wp:attachment":[{"href":"https:\/\/imagecuador.com\/index.php\/wp-json\/wp\/v2\/media?parent=222"}],"curies":[{"name":"wp","href":"https:\/\/api.w.org\/{rel}","templated":true}]}}